{"id":67,"date":"2025-11-19T16:25:53","date_gmt":"2025-11-19T16:25:53","guid":{"rendered":"https:\/\/dianetika.lt\/landing\/?page_id=67"},"modified":"2025-11-27T07:57:13","modified_gmt":"2025-11-27T07:57:13","slug":"pirkimo-pardavimo-taisykles","status":"publish","type":"page","link":"https:\/\/dianetika.lt\/landing\/pirkimo-pardavimo-taisykles\/","title":{"rendered":"Pirkimo-pardavimo taisykl\u0117s"},"content":{"rendered":"\r\n<h1 class=\"wp-block-heading has-extra-large-font-size\">Elektronin\u0117s parduotuv\u0117s\u00a0<em>dianetika.lt<\/em>\u00a0(Asociacija \u201eVilniaus Dianetikos centras\u201d, \u012fmon\u0117s kodas\u00a0191857096\u00a0)<em>\u00a0<\/em>pirkimo-pardavimo taisykl\u0117s.<\/h1>\r\n\r\n\r\n\r\n<h3 class=\"wp-block-heading\"><strong>1. Bendrosios nuostatos<\/strong><\/h3>\r\n\r\n\r\n\r\n<p>\u0160ios pirkimo-pardavimo taisykl\u0117s (toliau \u2013 Taisykl\u0117s), yra \u0161alims privalomas teisinis dokumentas, nusakantis \u0161ios elektronin\u0117s parduotuv\u0117s preki\u0173 ir paslaug\u0173 pirk\u0117jo (toliau \u2013 Pirk\u0117jas) ir pardav\u0117jo (toliau \u2013 Pardav\u0117jas) teises bei pareigas, preki\u0173 \u012fsigijimo bei apmok\u0117jimo u\u017e jas s\u0105lygas, preki\u0173 pristatymo ir gr\u0105\u017einimo tvark\u0105, \u0161ali\u0173 atsakomyb\u0119 bei kitus su preki\u0173 pirkimu \u2013 pardavimu susijusius aspektus.<\/p>\r\n\r\n\r\n\r\n<p>Visi kil\u0119 nesutarimai sprend\u017eiami deryb\u0173 keliu. Nepavykus pasiekti abipusio susitarimo, probleminiai klausimai sprend\u017eiami Lietuvos Respublikos \u012fstatym\u0173 nustatyta tvarka.<\/p>\r\n\r\n\r\n\r\n<h3 class=\"wp-block-heading\"><strong>2. Preki\u0173 \u012fsigijimas elektronin\u0117je parduotuv\u0117je<\/strong><\/h3>\r\n\r\n\r\n\r\n<p>2.1. \u0160ioje elektronin\u0117je parduotuv\u0117je prekes ir paslaugas gali \u012fsigyti Pirk\u0117jas, kuriam pirkimo dien\u0105 yra sukak\u0119 16 met\u0173 arba juridinis asmuo.\u00a0<\/p>\r\n\r\n\r\n\r\n<p>2.2. Pirk\u0117jas, naudodamasis elektronin\u0117s parduotuv\u0117s preki\u0173 kategorijomis arba paie\u0161kos laukelyje \u012fved\u0119s norimos prek\u0117s pavadinim\u0105, i\u0161sirenka prekes; pasirenka norim\u0105 pirkti preki\u0173 kiek\u012f ir spaud\u017eia mygtuk\u0105\u00a0<em><strong><em>\u012e\u00a0krep\u0161el\u012f<\/em><\/strong><\/em><em>;\u00a0<\/em>taip Pirk\u0117jas gali i\u0161sirinkti vien\u0105 ar daugiau preki\u0173;<\/p>\r\n\r\n\r\n\r\n<p>2.3.\u00a0Preki\u0173 krep\u0161elyje, Pirk\u0117jas gali matyti i\u0161sirinktas prekes ir mok\u0117tin\u0105 sum\u0105 u\u017e jas. Nor\u0117damas \u012fsigyti \u0161ias prekes, Pirk\u0117jas spaud\u017eia mygtuk\u0105\u00a0<em><strong>Apmok\u0117jimas\u00a0<\/strong><\/em><em>arba\u00a0<\/em><em><strong>Per\u017ei\u016br\u0117ti preki\u0173 krep\u0161el\u012f<\/strong><\/em><em>;<\/em><\/p>\r\n\r\n\r\n\r\n<p>2.4. Toliau Pirk\u0117jas \u012fra\u0161o informacij\u0105, kuri reikalinga preki\u0173 pristatymui, pasirenka priimtin\u0105 preki\u0173 apmok\u0117jimo bei pristatymo b\u016bd\u0105 ir spaud\u017eia mygtuk\u0105\u00a0<em><strong><em>Apmok\u0117ti<\/em><\/strong><\/em><em>;<\/em><\/p>\r\n\r\n\r\n\r\n<p>2.5. Pirk\u0117jo nurodytu el. pa\u0161to adresu Pardav\u0117jas atsi\u0173s s\u0105skait\u0105;<\/p>\r\n\r\n\r\n\r\n<p>Jeigu Pirk\u0117jas pasirinko mok\u0117jimo b\u016bd\u0105\u00a0<strong>banko pavedimu<\/strong>, u\u017e prekes Pirk\u0117jas sumoka pinigus per 24 val. nuo s\u0105skaitos gavimo datos, antraip Pardav\u0117jas u\u017esakym\u0105 anuliuos.<\/p>\r\n\r\n\r\n\r\n<p>Jeigu Pirk\u0117jas pasirinko apmok\u0117jim\u0105\u00a0<em><strong><em>banko kortele<\/em><\/strong><\/em>\u2013 tuomet Pirk\u0117jas bus nukreiptas \u012f apmok\u0117jimo puslap\u012f.<\/p>\r\n\r\n\r\n\r\n<h3 class=\"wp-block-heading\"><strong>3. Preki\u0173 kainos, terminai ir atsiskaitymo b\u016bdai<\/strong><\/h3>\r\n\r\n\r\n\r\n<p>3.1. Preki\u0173 kainos nurodytos eurais;<\/p>\r\n\r\n\r\n\r\n<p>3.2. Pardav\u0117jas\u00a0turi teis\u0119 be persp\u0117jimo pakeisti elektronin\u0117je parduotuv\u0117je parduodam\u0173 produkt\u0173 kainas;<\/p>\r\n\r\n\r\n\r\n<p>3.3. Galimi \u0161ie atsiskaitymo b\u016bdai:<\/p>\r\n\r\n\r\n\r\n<ul class=\"wp-block-list\">\r\n<li>banko pavedimu i\u0161 bet kokios finans\u0173 \u012fstaigos \u012f Asociacijos Vilniaus Dianetikos centras atsiskaitom\u0105j\u0105 s\u0105skait\u0105 LT987044000080622797 ;<\/li>\r\n\r\n\r\n\r\n<li>Atsiskaityti galima naudojantis Swedbank, Seb, Luminor, Citadele ir \u0160iauli\u0173 bankas elektronin\u0117s bankininkyst\u0117s paslaugomis. Atsiskaitymai galimi euro valiuta. Mok\u0117jimai apdorojami naudojantis\u00a0<a href=\"http:\/\/makecommerce.lt\/\" target=\"_blank\" rel=\"noreferrer noopener\">MakeCommerce.lt<\/a>\u00a0mok\u0117jim\u0173 platforma.<\/li>\r\n\r\n\r\n\r\n<li>Grynaisiais pinigais atsiskaitant atvykus \u012f Vilniaus Dianetikos centr\u0105 adresu \u0160altini\u0173\u00a0g.\u00a09, Vilnius (atvykimo laik\u0105 pra\u0161ome suderinti telefonu ar el. pa\u0161tu).<\/li>\r\n<\/ul>\r\n\r\n\r\n\r\n<h3 class=\"wp-block-heading\"><strong>4. Preki\u0173 gr\u0105\u017einimas<\/strong><\/h3>\r\n\r\n\r\n\r\n<p>4.1. Tuo atveju, kai Pirk\u0117jas, pageidauja gr\u0105\u017einti arba pakeisti elektronin\u0117je parduotuv\u0117je \u012fsigyt\u0105 netinkamos kokyb\u0117s prek\u0119 (pvz.: pa\u017eeista pakuot\u0117,\u00a0sulamdytas knygos popierius) arba gaut\u0105 ne t\u0105 prek\u0119, kuri buvo u\u017esakyta, Pardav\u0117jas \u012fsipareigoja savo l\u0117\u0161omis, pasirinktinai pakeisti netinkamos kokyb\u0117s prek\u0119 tinkamos kokyb\u0117s preke arba gr\u0105\u017einti Pirk\u0117jui u\u017e prek\u0119 sumok\u0117tus pinigus ir apmok\u0117ti patirtas siuntimo i\u0161laidas. Netinkamos kokyb\u0117s prek\u0117s kei\u010diamos ar gr\u0105\u017einamos vadovaujantis vadovaujantis\u00a0<a href=\"https:\/\/www.infolex.lt\/ta\/12755:str6.363\" target=\"_blank\" rel=\"noreferrer noopener\">Civilinio kodekso 6.363 straipsnyje<\/a>\u00a0nustatytais atvejais ir s\u0105lygomis.;<\/p>\r\n\r\n\r\n\r\n<p>4.2. Tuo atveju, kai Pirk\u0117jas, pageidauja gr\u0105\u017einti \u012fsigyt\u0105 tinkamos kokyb\u0117s prek\u0119, Pirk\u0117jas \u012fsigyt\u0105 prek\u0119 gali be jokios nurodytos prie\u017easties gr\u0105\u017einti per 14 dien\u0173, vadovaujantis\u00a0<a href=\"https:\/\/www.infolex.lt\/ta\/12755:str6.362\" target=\"_blank\" rel=\"noreferrer noopener\">Civilinio kodekso 6.362 straipsnyje<\/a>\u00a0straipsnyje nustatytais atvejais ir s\u0105lygomis. Tokiu atveju preki\u0173 gr\u0105\u017einimo i\u0161laidas apmoka Pirk\u0117jas, o tai galioja tik tinkamos kokyb\u0117s prek\u0117ms, jei d\u0117l tik tam tikr\u0173 prie\u017eas\u010di\u0173 Pirk\u0117jas nusprend\u0117 prekes gr\u0105\u017einti. Gr\u0105\u017einant prekes, Pirk\u0117jas privalo nurodyti u\u017esakymo numer\u012f, gr\u0105\u017einimo prie\u017eastis, gr\u0105\u017eintin\u0173 preki\u0173 s\u0105ra\u0161\u0105;<\/p>\r\n\r\n\r\n\r\n<p>4.3. Gr\u0105\u017einant prekes b\u016btina laikytis \u0161i\u0173 s\u0105lyg\u0173:<\/p>\r\n\r\n\r\n\r\n<ul class=\"wp-block-list\">\r\n<li>gr\u0105\u017einama prek\u0117 turi b\u016bti originalioje tvarkingoje pakuot\u0117je (\u0161is punktas taikomas net ir gr\u0105\u017einant nekokybi\u0161k\u0105 prek\u0119);<\/li>\r\n\r\n\r\n\r\n<li>prek\u0117 turi b\u016bti Pirk\u0117jo nesugadinta;<\/li>\r\n\r\n\r\n\r\n<li>prek\u0117 turi b\u016bti nepraradusi prekin\u0117s i\u0161vaizdos (nepa\u017eeistos etiket\u0117s, nenupl\u0117\u0161tos apsaugin\u0117s pl\u0117vel\u0117s ir kt.). \u0160is punktas taikomas abiem atvejais, net ir tada kai gr\u0105\u017einama nekokybi\u0161ka prek\u0117;<\/li>\r\n\r\n\r\n\r\n<li>gr\u0105\u017einama prek\u0117 turi b\u016bti tos pa\u010dios komplektacijos, kokios buvo Pirk\u0117jo gauta.<\/li>\r\n<\/ul>\r\n\r\n\r\n\r\n<p>4.4. I\u0161samesn\u0117 informacija apie preki\u0173 garantijas ir gr\u0105\u017einim\u0105, nurodyta\u00a0<a href=\"https:\/\/dianetika.lt\/prekiu-grazinimas-ir-garantijos\/\">preki\u0173 gr\u0105\u017einimo ir garantijos puslapyje<\/a>.<\/p>\r\n\r\n\r\n\r\n<p>4.5. Jeigu prek\u0117 yra gr\u0105\u017einama siunt\u0117jui, pirk\u0117jui jos nepri\u0117mus i\u0161 ve\u017e\u0117jo \u2013 u\u017e jos pakartotin\u012f atsiuntim\u0105 turi susimok\u0117ti pirk\u0117jas. Jeigu prek\u0117s nebereikalingos pirk\u0117jui, gr\u0105\u017einama suma yra tik u\u017e produkt\u0105 (u\u017e siuntimo i\u0161laidas pinigai negr\u0105\u017einami).<\/p>\r\n\r\n\r\n\r\n<h3 class=\"wp-block-heading\"><strong>5. Pirk\u0117jo duomen\u0173 apsauga<\/strong><\/h3>\r\n\r\n\r\n\r\n<p>Pardav\u0117jas garantuoja:<\/p>\r\n\r\n\r\n\r\n<ul class=\"wp-block-list\">\r\n<li>elektronin\u0117je parduotuv\u0117je Pirk\u0117jo pateikt\u0173 asmenini\u0173 duomen\u0173 (vardas, pavard\u0117, adresas, telefono numeris, elektroninio pa\u0161to adresas ir kt.) saugum\u0105;<\/li>\r\n\r\n\r\n\r\n<li>asmenin\u0117s informacijos panaudojim\u0105 tik Pardav\u0117jo bendradarbiavimui su tiek\u0117jais ir partneriais, kiek tas reikalinga pirkimo \u2013 pardavimo sandoriams atlikti;<\/li>\r\n\r\n\r\n\r\n<li>asmenin\u0117s informacijos saugojim\u0105 nuo bet kokio perdavimo kitiems tretiesiems asmenims be Pirk\u0117jo sutikimo;<\/li>\r\n\r\n\r\n\r\n<li>i\u0161samesn\u0117 informacija apie asmens duomen\u0173 apsaug\u0105 pateikta\u00a0<a href=\"https:\/\/dianetika.lt\/informacija\/privatumo-politika\/\">privatumo politikos puslapyje<\/a>.<\/li>\r\n<\/ul>\r\n\r\n\r\n\r\n<h3 class=\"wp-block-heading\"><strong>6. Pirkimo \u2013 pardavimo sutarties sudarymas<\/strong><\/h3>\r\n\r\n\r\n\r\n<p>Elektronin\u0117je parduotuv\u0117je prekes ir paslaugas gali \u012fsigyti Pirk\u0117jas, kuriam\u00a0<\/p>\r\n\r\n\r\n\r\n<p>6.1. Pirk\u0117jas, nor\u0117damas \u012fsigyti elektronin\u0117je parduotuv\u0117je parduodamas prekes, privalo perskaityti Taisykles;<\/p>\r\n\r\n\r\n\r\n<p>6.2.\u00a0mok\u0117jimo informacijos skiltyje, Pirk\u0117jas privalo patvirtinti, kad su Taisykl\u0117mis susipa\u017eino, varnele pa\u017eymint langel\u012f su u\u017era\u0161u:\u00a0<em>A\u0161 perskai\u010diau ir sutinku su puslapio s\u0105lygomis ir taisykl\u0117mis.\u00a0<\/em>Tuomet spaud\u017eiama\u00a0<em><strong>Apmok\u0117ti<\/strong><\/em>.<\/p>\r\n\r\n\r\n\r\n<h3 class=\"wp-block-heading\"><strong>7. Pirk\u0117jo teis\u0117s ir \u012fsipareigojimai<\/strong><\/h3>\r\n\r\n\r\n\r\n<p>7.1. Pirk\u0117jas turi teis\u0119 pirkti prekes elektronin\u0117je parduotuv\u0117je;<\/p>\r\n\r\n\r\n\r\n<p>7.2. Pirk\u0117jas turi teis\u0119 atsisakyti elektronin\u0117je parduotuv\u0117je \u012fsigyt\u0173 preki\u0173 (i\u0161samiau apie tai nurodyta Taisykli\u0173 4 skyriuje);<\/p>\r\n\r\n\r\n\r\n<p>7.3. Jei Pirk\u0117jas preki\u0173 pristatymo metu be svarbi\u0173 prie\u017eas\u010di\u0173 atsisako priimti prekes, tuomet Pirk\u0117jas privalo padengti Pardav\u0117jo patirtas preki\u0173 pristatymo i\u0161laidas;<\/p>\r\n\r\n\r\n\r\n<p>7.4. Pirk\u0117jas, naudodamasis elektronine parduotuve, sutinka su Taisykl\u0117mis ir \u012fsipareigoja j\u0173 laikytis.<\/p>\r\n\r\n\r\n\r\n<h3 class=\"wp-block-heading\"><strong>8. Pardav\u0117jo teis\u0117s ir \u012fsipareigojimai<\/strong><\/h3>\r\n\r\n\r\n\r\n<p>8.1. Pirk\u0117jui s\u0105moningai ar nes\u0105moningai kenkiant ar m\u0117ginant pakenkti elektronin\u0117s parduotuv\u0117s darbui ir (arba) pa\u017eeid\u017eiant savo \u012fsipareigojimus, Pardav\u0117jas turi teis\u0119 nedelsiant ir be persp\u0117jimo apriboti, ar sustabdyti Pirk\u0117jo galimyb\u0119 naudotis elektronine parduotuve, o i\u0161skirtiniais atvejais \u2013 panaikinti Pirk\u0117jo registracij\u0105;<\/p>\r\n\r\n\r\n\r\n<p>8.2. Esant nuo Pardav\u0117jo nepriklausomoms aplinkyb\u0117ms (nenugalima gamtos j\u0117ga \u2013\u00a0<em>force majeure<\/em>) ir kitoms svarbioms aplinkyb\u0117ms, Pardav\u0117jas gali laikinai arba i\u0161 viso nutraukti elektronin\u0117s parduotuv\u0117s<em>\u00a0<\/em>veikl\u0105, apie tai i\u0161 anksto neprane\u0161\u0119s Pirk\u0117jui;<\/p>\r\n\r\n\r\n\r\n<p>8.3. Pardav\u0117jas \u012fsipareigoja sudaryti visas s\u0105lygas Pirk\u0117jui tinkamai naudotis elektronin\u0117s parduotuv\u0117s teikiamomis paslaugomis;<\/p>\r\n\r\n\r\n\r\n<p>8.4. Pardav\u0117jas \u012fsipareigoja pristatyti Pirk\u0117jo u\u017esakytas prekes jo nurodytu adresu Taisykl\u0117se ir preki\u0173 pristatymo puslapyje nurodytomis s\u0105lygomis;<\/p>\r\n\r\n\r\n\r\n<p>8.5. Pardav\u0117jas, d\u0117l svarbi\u0173 aplinkybi\u0173 negal\u0117damas pristatyti Pirk\u0117jui u\u017esakytos prek\u0117s, \u012fsipareigoja pasi\u016blyti analogi\u0161k\u0105 ar kiek \u012fmanoma savo savyb\u0117mis pana\u0161esn\u0119 prek\u0119. Pirk\u0117jui atsisakius priimti analogi\u0161k\u0105 ar savo savyb\u0117mis pana\u0161iausi\u0105 prek\u0119, Pardav\u0117jas \u012fsipareigoja gr\u0105\u017einti Pirk\u0117jui sumok\u0117tus pinigus per 3 darbo dienas.<\/p>\r\n\r\n\r\n\r\n<h3 class=\"wp-block-heading\"><strong>9. Atsakomyb\u0117<\/strong><\/h3>\r\n\r\n\r\n\r\n<p>9.1. Pirk\u0117jas yra visi\u0161kai atsakingas u\u017e registracijos formoje pateikt\u0173 duomen\u0173 teisingum\u0105. Jei Pirk\u0117jas registracijos formoje pateikia netikslius ar neteisingus duomenis, Pardav\u0117jas neatsako u\u017e d\u0117l to atsiradusius padarinius;<\/p>\r\n\r\n\r\n\r\n<p>9.2. Pirk\u0117jas pilnai atsako u\u017e savo veiksmus, atliktus naudojantis elektronine parduotuve;<\/p>\r\n\r\n\r\n\r\n<p>9.3. Jei Pardav\u0117jo elektronin\u0117je parduotuv\u0117je yra nuorodos \u012f kit\u0173 \u012fmoni\u0173, \u012fstaig\u0173, organizacij\u0173 ar asmen\u0173 tinklapius, Pardav\u0117jas n\u0117ra atsakingas u\u017e ten esan\u010di\u0105 informacij\u0105 ar vykdom\u0105 veikl\u0105, t\u0173 tinklapi\u0173 nepri\u017ei\u016bri, nekontroliuoja ir toms \u012fmon\u0117ms bei asmenims neatstovauja. Atsiradus \u017ealai, kaltoji \u0161alis atlygina kitai \u0161aliai tiesioginius nuostolius.<\/p>\r\n\r\n\r\n\r\n<h3 class=\"wp-block-heading\"><strong>10. Baigiamosios nuostatos<\/strong><\/h3>\r\n\r\n\r\n\r\n<p>Pardav\u0117jas pasilieka teis\u0119 bet kuriuo metu pakeisti arba papildyti \u0161ias Taisykles.<\/p>\r\n","protected":false},"excerpt":{"rendered":"<p>Elektronin\u0117s parduotuv\u0117s\u00a0dianetika.lt\u00a0(Asociacija \u201eVilniaus Dianetikos centras\u201d, \u012fmon\u0117s kodas\u00a0191857096\u00a0)\u00a0pirkimo-pardavimo taisykl\u0117s. 1. Bendrosios nuostatos \u0160ios pirkimo-pardavimo taisykl\u0117s (toliau \u2013 Taisykl\u0117s), yra \u0161alims privalomas teisinis dokumentas, nusakantis \u0161ios elektronin\u0117s parduotuv\u0117s preki\u0173 ir paslaug\u0173 pirk\u0117jo (toliau \u2013 Pirk\u0117jas) ir pardav\u0117jo (toliau \u2013 Pardav\u0117jas) teises bei pareigas, preki\u0173 \u012fsigijimo bei apmok\u0117jimo u\u017e jas s\u0105lygas, preki\u0173 pristatymo ir gr\u0105\u017einimo tvark\u0105, \u0161ali\u0173 atsakomyb\u0119&hellip; <a class=\"more-link\" href=\"https:\/\/dianetika.lt\/landing\/pirkimo-pardavimo-taisykles\/\">T\u0119skite <span class=\"screen-reader-text\">Pirkimo-pardavimo taisykl\u0117s<\/span> skaitym\u0105<\/a><\/p>\n","protected":false},"author":1,"featured_media":0,"parent":0,"menu_order":0,"comment_status":"closed","ping_status":"closed","template":"","meta":{"footnotes":""},"class_list":["post-67","page","type-page","status-publish","hentry","entry"],"jetpack_sharing_enabled":true,"_links":{"self":[{"href":"https:\/\/dianetika.lt\/landing\/wp-json\/wp\/v2\/pages\/67","targetHints":{"allow":["GET"]}}],"collection":[{"href":"https:\/\/dianetika.lt\/landing\/wp-json\/wp\/v2\/pages"}],"about":[{"href":"https:\/\/dianetika.lt\/landing\/wp-json\/wp\/v2\/types\/page"}],"author":[{"embeddable":true,"href":"https:\/\/dianetika.lt\/landing\/wp-json\/wp\/v2\/users\/1"}],"replies":[{"embeddable":true,"href":"https:\/\/dianetika.lt\/landing\/wp-json\/wp\/v2\/comments?post=67"}],"version-history":[{"count":4,"href":"https:\/\/dianetika.lt\/landing\/wp-json\/wp\/v2\/pages\/67\/revisions"}],"predecessor-version":[{"id":144,"href":"https:\/\/dianetika.lt\/landing\/wp-json\/wp\/v2\/pages\/67\/revisions\/144"}],"wp:attachment":[{"href":"https:\/\/dianetika.lt\/landing\/wp-json\/wp\/v2\/media?parent=67"}],"curies":[{"name":"wp","href":"https:\/\/api.w.org\/{rel}","templated":true}]}}