{"id":69,"date":"2025-11-19T16:29:21","date_gmt":"2025-11-19T16:29:21","guid":{"rendered":"https:\/\/dianetika.lt\/landing\/?page_id=69"},"modified":"2026-03-12T11:05:34","modified_gmt":"2026-03-12T11:05:34","slug":"privatumo-politika-2","status":"publish","type":"page","link":"https:\/\/dianetika.lt\/landing\/privatumo-politika-2\/","title":{"rendered":"Privatumo politika"},"content":{"rendered":"\r\n<p><strong>PRIVATUMO POLITIKA<\/strong><\/p>\r\n\r\n\r\n\r\n\r\n\r\n<p>Mes, juridinio asmens pavadinimas Asociacija \u201eVilniaus Dianetikos centras\u201d, juridinio asmens kodas 191857096, adresas \u0160altini\u0173 9, Vilnius (toliau \u2013\u00a0<strong>Bendrov\u0117<\/strong>\u00a0arba\u00a0<strong>Mes<\/strong>), r\u016bpinam\u0117s savo kliento, e-parduotuv\u0117s dianetika.lt naudotojo ir internetinio puslapio dianetika.lt naudotojo (toliau \u2013\u00a0<strong>J\u016bs<\/strong>\u00a0arba\u00a0<strong>Naudotojas<\/strong>) (toliau \u2013\u00a0<strong>E-parduotuv\u0117<\/strong>) duomen\u0173 saugumu ir privatumu.<\/p>\r\n\r\n\r\n\r\n<p>\u0160i Privatumo politika yra skirta pateikti informacij\u0105 apie tai, kaip Bendrov\u0117 tvarko ir saugo J\u016bs\u0173 duomenis, Jums naudojantis E-parduotuve.<\/p>\r\n\r\n\r\n\r\n<p>J\u016bs\u0173 asmens duomen\u0173 rinkim\u0105, tvarkym\u0105 ir saugojim\u0105, kiek tai susij\u0119 su J\u016bs\u0173 naudojimusi E-parduotuve, nustato \u0161i privatumo politika, Lietuvos Respublikos Asmens duomen\u0173 teisin\u0117s apsaugos \u012fstatymas ir kiti teis\u0117s aktai.<\/p>\r\n\r\n\r\n\r\n<ol class=\"wp-block-list\">\r\n<li><strong>S\u0105vokos<\/strong><\/li>\r\n<\/ol>\r\n\r\n\r\n\r\n<p>1.1.\u00a0<strong>Asmens duomenys<\/strong>\u00a0\u2013 rei\u0161kia bet koki\u0105 informacij\u0105, pagal kuri\u0105 galima tiesiogiai arba netiesiogiai nustatyti J\u016bs\u0173 tapatyb\u0119. Tvarkomi \u0161ie J\u016bs\u0173 asmens duomenys:<\/p>\r\n\r\n\r\n\r\n<p>\u2013 Pirk\u0117jo vardas ir pavard\u0117;<\/p>\r\n\r\n\r\n\r\n<p>\u2013 Prekes atsiimsian\u010dio asmens vardas ir pavard\u0117;<\/p>\r\n\r\n\r\n\r\n<p>\u2013 Pirk\u0117jo kontaktiniai duomenys \u2013 elektroninio pa\u0161to adresas ir telefono numeris, adresas;<\/p>\r\n\r\n\r\n\r\n<p>\u2013 Pirk\u0117jo pristatymo duomenys \u2013 adresas, kuriuo bus pristatomos prek\u0117s ar kitas Pirk\u0117jo pasirinkimas d\u0117l preki\u0173 pristatymo \/ atsi\u0117mimo;<\/p>\r\n\r\n\r\n\r\n<p>\u2013 Pirk\u0117jo pasirinktas mok\u0117jimo b\u016bdas ir \u012fvesti mok\u0117jimo duomenys;<\/p>\r\n\r\n\r\n\r\n<p>\u2013 J\u016bs\u0173 E-parduotuv\u0117je atlikt\u0173 u\u017esakym\u0173 istorij\u0105;<\/p>\r\n\r\n\r\n\r\n<p>\u2013 IP adres\u0105;<\/p>\r\n\r\n\r\n\r\n<p>\u2013 tinklo ir vietos duomenis, kai juos suteikiate;<\/p>\r\n\r\n\r\n\r\n<p>\u2013 J\u016bs\u0173 u\u017eklaus\u0173 ir nusiskundim\u0173 istorij\u0105;<\/p>\r\n\r\n\r\n\r\n<p>\u2013 kitus vie\u0161ai prieinamus duomenis, kuriais J\u016bs pasidalinote lankydamasis elektronin\u0117je parduotuv\u0117je.<\/p>\r\n\r\n\r\n\r\n<p>1.2.\u00a0<strong>Asmens duomen\u0173 tvarkymas<\/strong>\u00a0\u2013 rei\u0161kia bet koki\u0105 su asmens duomenimis atliekam\u0105 operacij\u0105 (toki\u0105 kaip \u2013 informacijos rinkimas, redagavimas, keitimas, \u012fra\u0161ymas, saugojimas, prieigos suteikimas, u\u017eklaus\u0173 pateikimas, archyvavimas ir pan.).<\/p>\r\n\r\n\r\n\r\n<p>1.3.\u00a0<strong>Duomen\u0173 valdytojas<\/strong>\u00a0\u2013 Asociacija \u201eVilniaus Dianetikos centras\u201d, juridinio asmens kodas 191857096, adresas \u0160altini\u0173 9, Vilnius.<\/p>\r\n\r\n\r\n\r\n<p>1.4.\u00a0<strong>Duomen\u0173 subjektas<\/strong>\u00a0\u2013 bet kuris fizinis asmuo, kurio duomenis tvarko Bendrov\u0117<\/p>\r\n\r\n\r\n\r\n<p>1.5.\u00a0<strong>Svetain\u0117<\/strong>\u00a0\u2013 dianetika.lt.<\/p>\r\n\r\n\r\n\r\n<ol class=\"wp-block-list\" start=\"2\">\r\n<li><strong>J\u016bs\u0173 asmens duomen\u0173 tvarkymas naudojantis E-parduotuve ir lankantis Svetain\u0117je<\/strong><\/li>\r\n<\/ol>\r\n\r\n\r\n\r\n<p>2.1. Pateikdamas duomenis Bendrovei, Duomen\u0173 subjektas sutinka, kad Asmens duomenys b\u016bt\u0173 naudojami Bendrovei siekiant u\u017etikrinti E-parduotuv\u0117s funkcionavim\u0105 Duomen\u0173 subjekto pageidaujamais tikslais.<\/p>\r\n\r\n\r\n\r\n<p>2.2. J\u016bs\u0173 asmens duomenis Bendrov\u0117 tvarko \u0161iais pagrindais:<\/p>\r\n\r\n\r\n\r\n<p>\u2013 Bendrov\u0117 gauna ai\u0161kiai i\u0161reik\u0161t\u0105 J\u016bs\u0173 sutikim\u0105 tvarkyti J\u016bs\u0173 duomenis tokiu b\u016bdu, t.y. kai J\u016bs sukuriate Naudotojo paskyr\u0105;<\/p>\r\n\r\n\r\n\r\n<p>\u2013 J\u016bs atliekate u\u017esakym\u0105 E-parduotuv\u0117je, kuris yra priimamas ir vykdomas, tokiu b\u016bdu sudarant sutart\u012f su Jumis ir j\u0105 vykdant;<\/p>\r\n\r\n\r\n\r\n<p>\u2013\u00a0 Elektronin\u0117je parduotuv\u0117je apmok\u0117jimai apdorojami naudojantis\u00a0<a href=\"http:\/\/makecommerce.lt\/\" target=\"_blank\" rel=\"noreferrer noopener\">makecommerce.lt<\/a>\u00a0platforma, kurios valdytojas Maksekeskus AS (Niine 11, Talinas 10414, Estija, reg. nr.:12268475), tod\u0117l J\u016bs\u0173 asmenin\u0117 informacija, reikalinga mok\u0117jimo \u012fvykdymui ir patvirtinimui, bus perduodama Maksekeskus AS.<\/p>\r\n\r\n\r\n\r\n<p>\u2013 taip pat tais atvejais kai Bendrov\u0117 turi tvarkyti J\u016bs\u0173 duomenis tur\u0117dama teisin\u0119 pareig\u0105;<\/p>\r\n\r\n\r\n\r\n<p>\u2013 yra \u012fgyvendinami Bendrov\u0117s teis\u0117ti interesai. Mes tvarkysime J\u016bs\u0173 Asmens duomenis, jeigu tam turime teis\u0117t\u0105 interes\u0105 ir toks duomen\u0173 tvarkymas nepa\u017eeid\u017eia J\u016bs\u0173 interes\u0173 ir teisi\u0173 apsaugos.<\/p>\r\n\r\n\r\n\r\n<p>2.3. Bendrov\u0117 J\u016bs\u0173 duomenis tvarko \u0161iais tikslais:<\/p>\r\n\r\n\r\n\r\n<p>\u2013 Efektyviam, optimaliam ir Jums patogiam E-parduotuv\u0117s funkcionavimui;<\/p>\r\n\r\n\r\n\r\n<p>\u2013 Siekiant u\u017etikrinti skland\u0173 E-parduotuv\u0117s administravim\u0105;<\/p>\r\n\r\n\r\n\r\n<p>-J\u016bs\u0173 paskyros registravimui ir palaikymui;<\/p>\r\n\r\n\r\n\r\n<p>\u2013 Tinkamam J\u016bs\u0173 u\u017esakyt\u0173 paslaug\u0173 suteikimui;<\/p>\r\n\r\n\r\n\r\n<p>\u2013 Siekiant Jums pateikti aktuali\u0105 informacij\u0105, atsakyti \u012f J\u016bs\u0173 klausimus, u\u017eklausas;<\/p>\r\n\r\n\r\n\r\n<p>\u2013 Vykdant statistin\u0119 ir kit\u0105 analiz\u0119, skirt\u0105 tobulinti E-parduotuv\u0117s veikl\u0105 ir J\u016bs\u0173 patirt\u012f ja naudojantis;<\/p>\r\n\r\n\r\n\r\n<p>\u2013 Kai lankot\u0117s Svetain\u0117je, Bendrov\u0117 gali tvarkyti J\u016bs\u0173 IP adres\u0105, tinklo ir vietos duomenis, \u0160ie Asmens duomenys yra renkami slapuk\u0173 ir kit\u0173 pana\u0161i\u0173 technologij\u0173 pagalba Naudotojo sutikimo pagrindu.<\/p>\r\n\r\n\r\n\r\n<p>\u2013 Kitiems tikslams, kurie gali b\u016bti Jums nurodomi J\u016bs\u0173 duomen\u0173 pateikimo metu.<\/p>\r\n\r\n\r\n\r\n<ol class=\"wp-block-list\" start=\"3\">\r\n<li><strong>Asmens duomen\u0173 teikimas tre\u010diosioms \u0161alims<\/strong><\/li>\r\n<\/ol>\r\n\r\n\r\n\r\n<p>3.1. Mes \u012fsipareigojame j\u016bs\u0173 Asmens duomen\u0173 at\u017evilgiu laikytis konfidencialumo pareigos. J\u016bs\u0173 Asmens duomenys gali b\u016bti atskleisti tre\u010diosioms \u0161alims tik tada, jeigu to reikia sutar\u010diai duomen\u0173 subjekto naudai sudaryti ir vykdyti, arba d\u0117l kit\u0173 teis\u0117t\u0173 prie\u017eas\u010di\u0173.<\/p>\r\n\r\n\r\n\r\n<p>3.2. Bendrov\u0117 gali pateikti Asmens duomenis savo duomen\u0173 tvarkytojams, kurie teikia Bendrovei paslaugas ir tvarko asmens duomenis Bendrov\u0117s vardu. Tokie Bendrov\u0117s pasirinkti Asmens duomen\u0173 tvarkytojai turi teis\u0119 tvarkyti Asmens duomenis tik pagal Bendrov\u0117s nurodymus ir tik tokia apimtimi, kiek tai yra b\u016btina siekiant tinkamai vykdyti Bendrov\u0117s ir paslaug\u0173 tiek\u0117jo sutartyje nustatytus \u012fsipareigojimus. U\u017etikriname Jus, kad Bendrov\u0117 bendradarbiauja tik su tokiais duomen\u0173 tvarkytojais, kurie garantuoja tinkamas priemones (organizacines ir technines) Asmens duomen\u0173 tvarkymui ir u\u017etikrina\u00a0 Asmens duomen\u0173 tvarkym\u0105 pagal teis\u0117s akt\u0173 reikalavimus.<\/p>\r\n\r\n\r\n\r\n<p>3.3. \u012emon\u0117 taip pat gali teikti asmens duomenis atsakydama \u012f teismo arba valstybini\u0173 institucij\u0173 pra\u0161ymus ta apimtimi, kiek tai b\u016btina siekiant tinkamai vykdyti galiojan\u010dius teis\u0117s aktus ir valstybini\u0173 institucij\u0173 nurodymus.<\/p>\r\n\r\n\r\n\r\n<ol class=\"wp-block-list\" start=\"4\">\r\n<li><strong>Asmens duomen\u0173 saugojimo terminas<\/strong><\/li>\r\n<\/ol>\r\n\r\n\r\n\r\n<p>4.1. J\u016bs\u0173 asmens duomenis saugome tik tok\u012f laikotarp\u012f, kuris yra b\u016btinas privatumo politikoje numatyt\u0173 tiksl\u0173 \u012fgyvendinimui.<\/p>\r\n\r\n\r\n\r\n<p>4.2. Jeigu 5 metus neb\u016bnate aktyvus E-parduotuv\u0117je turimoje Naudotojo paskyroje, J\u016bs\u0173 asmens duomenys yra i\u0161trinami.<\/p>\r\n\r\n\r\n\r\n<p>4.3. J\u016bs taip pat galite pareikalauti, kad J\u016bs\u0173 paskyra E-parduotuv\u0117je b\u016bt\u0173 panaikinta.<\/p>\r\n\r\n\r\n\r\n<ol class=\"wp-block-list\" start=\"5\">\r\n<li><strong>Nepilname\u010di\u0173 Asmens duomenys<\/strong><\/li>\r\n<\/ol>\r\n\r\n\r\n\r\n<p>5.1. Mes r\u016bpinam\u0117s nepilname\u010di\u0173 privatumo apsauga. Informuojame, kad m\u016bs\u0173 E-parduotuv\u0117 ir Svetain\u0117 n\u0117ra pritaikytos asmenims, jaunesniems nei 18 met\u0173 am\u017eiaus.<\/p>\r\n\r\n\r\n\r\n<p>5.2. Asmenys, kurie yra jaunesni negu 18 met\u0173, negali teikti joki\u0173 Asmens duomen\u0173 E-parduotuv\u0117je ir Svetain\u0117je.<\/p>\r\n\r\n\r\n\r\n<p>5.3. Jei asmuo yra jaunesnis negu 18 met\u0173, nor\u0117damas naudotis E-parduotuve ar Svetaine, prie\u0161 pateikiant Asmens duomenis, privalo tur\u0117ti bent vieno i\u0161 teis\u0117t\u0173 atstov\u0173 (t\u0117vo, motinos, glob\u0117jo (-os)) ra\u0161ytin\u012f sutikim\u0105 d\u0117l asmens duomen\u0173 tvarkymo.<\/p>\r\n\r\n\r\n\r\n<ol class=\"wp-block-list\" start=\"6\">\r\n<li><strong>Duomen\u0173 subjekt\u0173 teis\u0117s<\/strong><\/li>\r\n<\/ol>\r\n\r\n\r\n\r\n<p>6.1. B\u016bdamas Duomen\u0173 subjektu, turite \u0161ias Duomen\u0173 subjekto teises:<\/p>\r\n\r\n\r\n\r\n<p>6.1.1. Teis\u0117 gauti informacij\u0105 apie duomen\u0173 tvarkym\u0105 (\u201cteis\u0117 \u017einoti\u201d).<\/p>\r\n\r\n\r\n\r\n<p>6.1.2. Teis\u0117 susipa\u017einti su tvarkomais duomenimis (\u201cteis\u0117 susipa\u017einti\u201d).<\/p>\r\n\r\n\r\n\r\n<p>6.1.3. Teis\u0117 reikalauti i\u0161taisyti duomenis (\u201cteis\u0117 i\u0161taisyti\u201d).<\/p>\r\n\r\n\r\n\r\n<p>6.1.4. Teis\u0117 reikalauti i\u0161trinti duomenis (\u201cteis\u0117 b\u016bti pamir\u0161tam\u201c). \u0160i teis\u0117 netaikoma, jei asmens duomenys, kuriuos pra\u0161oma i\u0161trinti, yra tvarkomi ir kitu teisiniu pagrindu, tokiu kaip tvarkymas b\u016btinas sutarties vykdymui arba yra pareigos pagal taikomus teis\u0117s aktus vykdymas.<\/p>\r\n\r\n\r\n\r\n<p>6.1.5. Teis\u0117 apriboti duomen\u0173 tvarkym\u0105 (\u201cteis\u0117 apribotii\u201d).<\/p>\r\n\r\n\r\n\r\n<p>6.1.6. Teis\u0117 nesutikti su duomen\u0173 tvarkymu.<\/p>\r\n\r\n\r\n\r\n<p>6.1.7. Teis\u0117 \u012f duomen\u0173 perkeliamum\u0105. Teis\u0117 \u012f duomen\u0173 perkeliamum\u0105 negali daryti neigiamo poveikio kit\u0173 teis\u0117ms ir laisv\u0117ms. Duomen\u0173 subjektas teis\u0117s \u012f duomen\u0173 perkeliamum\u0105 neturi t\u0173 asmens duomen\u0173 at\u017evilgiu, kurie tvarkomi neautomatiniu b\u016bdu susistemintose rinkmenose, pavyzd\u017eiui, popierin\u0117se bylose.<\/p>\r\n\r\n\r\n\r\n<p>6.1.8. Teis\u0117 reikalauti, kad neb\u016bt\u0173 taikomas tik automatizuotas duomen\u0173 tvarkymas, \u012fskaitant profiliavim\u0105.<\/p>\r\n\r\n\r\n\r\n<p>6.1.9. Teis\u0117 pateikti skund\u0105 d\u0117l asmens duomen\u0173 tvarkymo Valstybinei duomen\u0173 apsaugos inspekcijai.<\/p>\r\n\r\n\r\n\r\n<p>6.2. Siekdami \u012fgyvendinti savo teises, galite pateikti mums paklausim\u0105 ar pra\u0161ym\u0105 ra\u0161tu: info@dianetika.lt. Gav\u0119 tokio pob\u016bd\u017eio pra\u0161ym\u0105 ar paklausim\u0105 i\u0161 J\u016bs\u0173, galime papra\u0161yti J\u016bs\u0173 u\u017epildyti reikiamas formas, taip pat \u2013 pateikti notari\u0161kai patvirtint\u0105 J\u016bs\u0173 asmens dokumento kopij\u0105, kuri Mums reikalinga \u012fsitikinti J\u016bs\u0173 tapatybe, siekiant i\u0161vengti Asmens duomen\u0173 atskleidimo.<\/p>\r\n\r\n\r\n\r\n<p>6.3. Po J\u016bs\u0173 J\u016bs\u0173 pra\u0161ym\u0105 ar paklausimo d\u0117l Asmens duomen\u0173 tvarkymo gavimo, Mes \u012fsipareigojame ne v\u0117liau kaip per 1 m\u0117nes\u012f nuo kreipimosi dienos pateikti Jums atsakym\u0105 ir\u00a0 atlikti pra\u0161yme nurodytus veiksmus arba informuoti Jus, kod\u0117l atsisakome juos atlikti. Prireikus nurodytas laikotarpis gali b\u016bti prat\u0119stas dar 2 m\u0117nesiais, atsi\u017evelgiant \u012f pra\u0161ym\u0173 sud\u0117tingum\u0105 ir skai\u010di\u0173. Tokiu atveju, per 1 m\u0117nes\u012f nuo pra\u0161ymo gavimo dienos mes informuosime Jus apie tok\u012f prat\u0119sim\u0105.<\/p>\r\n\r\n\r\n\r\n<p>6.4. Jei Jums papra\u0161ius Asmens duomenys yra i\u0161trinami, mes saugosime tik informacijos kopijas, kurios yra b\u016btinos siekiant apsaugoti m\u016bs\u0173 ir kit\u0173 asmen\u0173 teis\u0117tus interesus, laikytis valstyb\u0117s institucij\u0173 \u012fpareigojim\u0173, spr\u0119sti gin\u010dus, atpa\u017einti trikd\u017eius arba laikytis bet koki\u0173 susitarim\u0173, kuriuos esate sudar\u0119 su mumis.<\/p>\r\n\r\n\r\n\r\n<p>6.5. Jei manote, kad J\u016bs\u0173, kaip Duomen\u0173 subjekto teis\u0117s buvo pa\u017eeistos, taip pat galite pateikti skund\u0105 Mus pri\u017ei\u016brin\u010diai Asmens duomen\u0173 apsaugos institucijai \u2013 Valstybinei duomen\u0173 apsaugos inspekcijai, daugiau informacijos ir kontaktinius duomenis galite rasti inspekcijos svetain\u0117je www.ada.lt.<\/p>\r\n\r\n\r\n\r\n<ol class=\"wp-block-list\" start=\"7\">\r\n<li><strong>Slapuk\u0173 politika<\/strong><\/li>\r\n<\/ol>\r\n\r\n\r\n\r\n<p>7.1. M\u016bs\u0173 Svetain\u0117je gali b\u016bti naudojami slapukai bei kitos sekimo technologijos. Slapuk\u0173 pagalba, M\u016bs\u0173 Svetain\u0117 gali tam tikr\u0105 laik\u0105 \u201eprisiminti\u201c J\u016bs\u0173 veiksmus ir pasirinkimus nar\u0161ant Svetain\u0117je (pvz., registracijos duomenis, J\u016bs\u0173 parinkties kalb\u0105 ir kitas rodymo parinktis).<\/p>\r\n\r\n\r\n\r\n<p>7.2. Mes naudojame slapukus bei kitas sekimo technologijas siekiant u\u017etikrinti interneto svetain\u0117s tinkam\u0105 veikim\u0105, statistini\u0173 duomen\u0173 rinkim\u0105 ir rinkodaros tikslais..<\/p>\r\n\r\n\r\n\r\n<p>7.3. J\u016bs galite kontroliuoti Slapukus Svetain\u0117je. Turite teis\u0119 pasirinkti, ar norite priimti Slapukus bei kitas M\u016bs\u0173 naudojamas sekimo technologijas, ar norite slapukus i\u0161jungti visi\u0161kai, ar tik tam tikrus i\u0161 j\u0173.<\/p>\r\n\r\n\r\n\r\n<p>7.4. Daugiau bendros informacijos apie\u00a0 slapuk\u0173 naudojim\u0105 galite rasti AllAboutCookies.org arba www.google.com\/privacy_ads.html. Jeigu nuspr\u0119site i\u0161jungti visus ar tam tikrus Slapukus m\u016bs\u0173 Svetain\u0117je, tai gali tur\u0117ti \u012ftakos Svetain\u0117s veikimui, gali sul\u0117tinti jos veikimo greit\u012f, apriboti tam tikr\u0173 funkcij\u0173 prieinamum\u0105. Jums taip pat bus reikalinga kaskart, lankantis Svetain\u0117je, i\u0161 naujo nustatyti tam tikras parinktis.<\/p>\r\n\r\n\r\n\r\n<p>7.5. Mes naudojame \u0161i\u0173 kategorij\u0173 slapukus:<\/p>\r\n\r\n\r\n\r\n<ol class=\"wp-block-list\">\r\n<li>Slapuko tipas \u2013 Tre\u010di\u0173j\u0173 \u0161ali\u0173 slapukai. \u0160ie slapukai yra naudojami rinkti informacij\u0105 reklamai ir naudotojo turiniui. Taip pat tre\u010di\u0173j\u0173 \u0161ali\u0173 slapukai gali b\u016bti naudojami\u00a0 statistini\u0173 duomen\u0173 rinkimui.<\/li>\r\n\r\n\r\n\r\n<li>Slapuko tipas \u2013 Seanso slapukai. Seanso slapukai laikinai i\u0161saugomi j\u016bs\u0173 kompiuterio atmintyje, kol j\u016bs nar\u0161ote interneto svetain\u0117je, pavyzd\u017eiui, kad b\u016bt\u0173 galima sekti, koki\u0105 kalb\u0105 pasirinkote. Seanso slapukai j\u016bs\u0173 kompiuterio atmintyje ilg\u0105 laik\u0105 nesaugomi, jie visada i\u0161nyksta, kai i\u0161jungiate savo \u017einiatinklio nar\u0161ykl\u0119.<\/li>\r\n\r\n\r\n\r\n<li><strong>Baigiamosios nuostatos<\/strong><\/li>\r\n<\/ol>\r\n\r\n\r\n\r\n<p>8.1 Informuojame, kad m\u016bs\u0173 Svetain\u0117je gali b\u016bti pateikiamos nuorodos \u012f kitus tinklalapius, \u012fskaitant tre\u010di\u0173j\u0173 \u0161ali\u0173 valdomus tinklalapius, kuriems n\u0117ra taikoma \u0161i privatumo politika. Pra\u0161ome susipa\u017einti ir \u012fvertinti \u0161i\u0173 tinklalapi\u0173 privatumo politik\u0105 prie\u0161 pateikiant bet kokius savo Asmens duomenis.<\/p>\r\n\r\n\r\n\r\n<p>8.2. Esant poreikiui, atsi\u017evelgdami \u012f Asmens duomen\u0173 apsaugos priemones, kurias taikome, galime atnaujinti ir pakeisti \u0161i\u0105 privatumo politik\u0105. Apie Jums taikomus Privatumo politikos poky\u010dius J\u016bs b\u016bsite informuoti tarp J\u016bs\u0173 ir m\u016bs\u0173 \u012fprastomis komunikacijos priemon\u0117mis.<\/p>\r\n","protected":false},"excerpt":{"rendered":"<p>PRIVATUMO POLITIKA Mes, juridinio asmens pavadinimas Asociacija \u201eVilniaus Dianetikos centras\u201d, juridinio asmens kodas 191857096, adresas \u0160altini\u0173 9, Vilnius (toliau \u2013\u00a0Bendrov\u0117\u00a0arba\u00a0Mes), r\u016bpinam\u0117s savo kliento, e-parduotuv\u0117s dianetika.lt naudotojo ir internetinio puslapio dianetika.lt naudotojo (toliau \u2013\u00a0J\u016bs\u00a0arba\u00a0Naudotojas) (toliau \u2013\u00a0E-parduotuv\u0117) duomen\u0173 saugumu ir privatumu. \u0160i Privatumo politika yra skirta pateikti informacij\u0105 apie tai, kaip Bendrov\u0117 tvarko ir saugo J\u016bs\u0173 duomenis,&hellip; <a class=\"more-link\" href=\"https:\/\/dianetika.lt\/landing\/privatumo-politika-2\/\">T\u0119skite <span class=\"screen-reader-text\">Privatumo politika<\/span> skaitym\u0105<\/a><\/p>\n","protected":false},"author":1,"featured_media":0,"parent":0,"menu_order":0,"comment_status":"closed","ping_status":"closed","template":"","meta":{"footnotes":""},"class_list":["post-69","page","type-page","status-publish","hentry","entry"],"jetpack_sharing_enabled":true,"_links":{"self":[{"href":"https:\/\/dianetika.lt\/landing\/wp-json\/wp\/v2\/pages\/69","targetHints":{"allow":["GET"]}}],"collection":[{"href":"https:\/\/dianetika.lt\/landing\/wp-json\/wp\/v2\/pages"}],"about":[{"href":"https:\/\/dianetika.lt\/landing\/wp-json\/wp\/v2\/types\/page"}],"author":[{"embeddable":true,"href":"https:\/\/dianetika.lt\/landing\/wp-json\/wp\/v2\/users\/1"}],"replies":[{"embeddable":true,"href":"https:\/\/dianetika.lt\/landing\/wp-json\/wp\/v2\/comments?post=69"}],"version-history":[{"count":3,"href":"https:\/\/dianetika.lt\/landing\/wp-json\/wp\/v2\/pages\/69\/revisions"}],"predecessor-version":[{"id":194,"href":"https:\/\/dianetika.lt\/landing\/wp-json\/wp\/v2\/pages\/69\/revisions\/194"}],"wp:attachment":[{"href":"https:\/\/dianetika.lt\/landing\/wp-json\/wp\/v2\/media?parent=69"}],"curies":[{"name":"wp","href":"https:\/\/api.w.org\/{rel}","templated":true}]}}