{"id":71,"date":"2025-11-19T16:31:37","date_gmt":"2025-11-19T16:31:37","guid":{"rendered":"https:\/\/dianetika.lt\/landing\/?page_id=71"},"modified":"2025-11-27T07:55:54","modified_gmt":"2025-11-27T07:55:54","slug":"prekiu-grazinimas-ir-garantijos","status":"publish","type":"page","link":"https:\/\/dianetika.lt\/landing\/prekiu-grazinimas-ir-garantijos\/","title":{"rendered":"Preki\u0173 gr\u0105\u017einimas ir garantijos"},"content":{"rendered":"\r\n<h3 class=\"wp-block-heading\"><strong>Pinig\u0173 gr\u0105\u017einimo garantija<\/strong><\/h3>\r\n\r\n\r\n\r\n<p>Garantuojame, kad tuo atveju, jeigu gavote netinkamos kokyb\u0117s prek\u0119 arba ne t\u0105 prek\u0119, kuri\u0105 u\u017esisak\u0117te, tuomet gr\u0105\u017einsime u\u017e j\u0105 sumok\u0117tus pinigus arba i\u0161taisysime \u012fvykus\u012f nesusipratim\u0105, atsi\u0173sdami kokybi\u0161k\u0105 prek\u0119.<\/p>\r\n\r\n\r\n\r\n<h3 class=\"wp-block-heading\"><strong>Geriausios kokyb\u0117s garantija<\/strong><\/h3>\r\n\r\n\r\n\r\n<p>Garantuojame greit\u0105 ir profesional\u0173 aptarnavim\u0105.<\/p>\r\n\r\n\r\n\r\n<p>Galimus nesklandumus sprend\u017eiame kaip \u012fmanoma grei\u010diau ir apie priimtus sprendimus i\u0161kart informuojame klient\u0105.<\/p>\r\n\r\n\r\n\r\n<h3 class=\"wp-block-heading\"><strong>Preki\u0173 gr\u0105\u017einimas<\/strong><\/h3>\r\n\r\n\r\n\r\n<p>Gav\u0119 siuntin\u012f, atid\u017eiai j\u012f ap\u017ei\u016br\u0117kite.<\/p>\r\n\r\n\r\n\r\n<p>Jei pasteb\u0117jote, kad prek\u0117 sugadinta, pa\u017eeista ir norite j\u0105 gr\u0105\u017einti, pra\u0161ome susisiekti su mumis \u0161iame tinklalapyje nurodytais\u00a0<a href=\"https:\/\/dianetika.lt\/about\/\">kontaktais<\/a>, pateikiant informacij\u0105 apie:<\/p>\r\n\r\n\r\n\r\n<ul class=\"wp-block-list\">\r\n<li>\u012fsigyt\u0105 prek\u0119;<\/li>\r\n\r\n\r\n\r\n<li>prek\u0117s u\u017esakymo numer\u012f;<\/li>\r\n\r\n\r\n\r\n<li>gr\u0105\u017einimo prie\u017east\u012f.<\/li>\r\n<\/ul>\r\n\r\n\r\n\r\n<p><strong>Prek\u0119 galite gr\u0105\u017einti \u0161iais atvejais:<\/strong><\/p>\r\n\r\n\r\n\r\n<ul class=\"wp-block-list\">\r\n<li>jeigu gavote ne toki\u0105 prek\u0119, kuri\u0105 u\u017esisak\u0117te;<\/li>\r\n\r\n\r\n\r\n<li>jeigu gavote nekokybi\u0161k\u0105 prek\u0119 (pa\u017eeista pakuot\u0117, prek\u0117 neatitiko savo apra\u0161ymo);<\/li>\r\n\r\n\r\n\r\n<li>kitais \u012fstatymo numatytais atvejais.<\/li>\r\n<\/ul>\r\n\r\n\r\n\r\n<p>Kai prek\u0117s gr\u0105\u017einimo prie\u017eastis yra netinkama kokyb\u0117 (pvz.: pa\u017eeista pakuot\u0117) arba gavote ne t\u0105 prek\u0119, kuri\u0105 u\u017esisak\u0117te, mes \u012fsipareigojame savo l\u0117\u0161omis pasirinktinai pakeisti netinkamos kokyb\u0117s prek\u0119 tinkamos kokyb\u0117s preke arba gr\u0105\u017einti u\u017e prek\u0119 sumok\u0117tus pinigus.<\/p>\r\n\r\n\r\n\r\n<p><strong>Netinkamos kokyb\u0117s prek\u0117s<\/strong>\u00a0kei\u010diamos ar gr\u0105\u017einamos vadovaujantis\u00a0<a href=\"https:\/\/www.infolex.lt\/ta\/12755:str6.363\" target=\"_blank\" rel=\"noreferrer noopener\">Civilinio kodekso 6.363 straipsnyje<\/a>\u00a0nustatytais atvejais ir s\u0105lygomis.<\/p>\r\n\r\n\r\n\r\n<p><strong>Tinkamos kokyb\u0117s prek\u0117s<\/strong>\u00a0vadovaujantis\u00a0<a href=\"https:\/\/www.infolex.lt\/ta\/12755:str6.362\" target=\"_blank\" rel=\"noreferrer noopener\">Civilinio kodekso 6.362 straipsnyje<\/a>\u00a0nustatytais atvejais ir s\u0105lygomis.<\/p>\r\n\r\n\r\n\r\n<p>\u0160iuo atveju preki\u0173 gr\u0105\u017einimo i\u0161laidas apmoka pirk\u0117jas.<\/p>\r\n\r\n\r\n\r\n<p>Gr\u0105\u017einamas daiktas privalo b\u016bti pilnai sukomplektuotas.<\/p>\r\n\r\n\r\n\r\n<p>U\u017e piln\u0105 daikto sukomplektavim\u0105 ir supakavim\u0105 atsako pirk\u0117jas.<\/p>\r\n\r\n\r\n\r\n<p>Jeigu daiktas n\u0117ra pilnai sukomplektuotas ir tinkamai supakuotas, mes daikto gr\u0105\u017einimui nepriimame.<\/p>\r\n\r\n\r\n\r\n<p><strong>Jeigu prek\u0117 yra gr\u0105\u017einama siunt\u0117jui, pirk\u0117jui jos nepri\u0117mus i\u0161 ve\u017e\u0117jo\u00a0<\/strong>\u00a0\u2013 u\u017e jos pakartotin\u012f atsiuntim\u0105 turi susimok\u0117ti pirk\u0117jas.<\/p>\r\n\r\n\r\n\r\n<p>Jeigu prek\u0117s nebereikalingos pirk\u0117jui, gr\u0105\u017einama suma yra tik u\u017e produkt\u0105 (u\u017e siuntimo i\u0161laidas pinigai negr\u0105\u017einami).<\/p>\r\n\r\n\r\n\r\n<p>D\u0117l prek\u0117s gr\u0105\u017einimo, apkeitimo ar kit\u0173 i\u0161kilusi\u0173 klausim\u0173, kreipkit\u0117s \u0161iame tinklalapyje nurodytais kontaktais.<\/p>\r\n","protected":false},"excerpt":{"rendered":"<p>Pinig\u0173 gr\u0105\u017einimo garantija Garantuojame, kad tuo atveju, jeigu gavote netinkamos kokyb\u0117s prek\u0119 arba ne t\u0105 prek\u0119, kuri\u0105 u\u017esisak\u0117te, tuomet gr\u0105\u017einsime u\u017e j\u0105 sumok\u0117tus pinigus arba i\u0161taisysime \u012fvykus\u012f nesusipratim\u0105, atsi\u0173sdami kokybi\u0161k\u0105 prek\u0119. Geriausios kokyb\u0117s garantija Garantuojame greit\u0105 ir profesional\u0173 aptarnavim\u0105. Galimus nesklandumus sprend\u017eiame kaip \u012fmanoma grei\u010diau ir apie priimtus sprendimus i\u0161kart informuojame klient\u0105. Preki\u0173 gr\u0105\u017einimas Gav\u0119&hellip; <a class=\"more-link\" href=\"https:\/\/dianetika.lt\/landing\/prekiu-grazinimas-ir-garantijos\/\">T\u0119skite <span class=\"screen-reader-text\">Preki\u0173 gr\u0105\u017einimas ir garantijos<\/span> skaitym\u0105<\/a><\/p>\n","protected":false},"author":1,"featured_media":0,"parent":0,"menu_order":0,"comment_status":"closed","ping_status":"closed","template":"","meta":{"footnotes":""},"class_list":["post-71","page","type-page","status-publish","hentry","entry"],"jetpack_sharing_enabled":true,"_links":{"self":[{"href":"https:\/\/dianetika.lt\/landing\/wp-json\/wp\/v2\/pages\/71","targetHints":{"allow":["GET"]}}],"collection":[{"href":"https:\/\/dianetika.lt\/landing\/wp-json\/wp\/v2\/pages"}],"about":[{"href":"https:\/\/dianetika.lt\/landing\/wp-json\/wp\/v2\/types\/page"}],"author":[{"embeddable":true,"href":"https:\/\/dianetika.lt\/landing\/wp-json\/wp\/v2\/users\/1"}],"replies":[{"embeddable":true,"href":"https:\/\/dianetika.lt\/landing\/wp-json\/wp\/v2\/comments?post=71"}],"version-history":[{"count":2,"href":"https:\/\/dianetika.lt\/landing\/wp-json\/wp\/v2\/pages\/71\/revisions"}],"predecessor-version":[{"id":142,"href":"https:\/\/dianetika.lt\/landing\/wp-json\/wp\/v2\/pages\/71\/revisions\/142"}],"wp:attachment":[{"href":"https:\/\/dianetika.lt\/landing\/wp-json\/wp\/v2\/media?parent=71"}],"curies":[{"name":"wp","href":"https:\/\/api.w.org\/{rel}","templated":true}]}}