{"id":9,"date":"2025-11-18T19:46:40","date_gmt":"2025-11-18T19:46:40","guid":{"rendered":"https:\/\/dianetika.lt\/landing\/krepselis\/"},"modified":"2025-11-19T16:13:46","modified_gmt":"2025-11-19T16:13:46","slug":"krepselis","status":"publish","type":"page","link":"https:\/\/dianetika.lt\/landing\/krepselis\/","title":{"rendered":"Krep\u0161elis"},"content":{"rendered":"\n<div data-block-name=\"woocommerce\/cart\" class=\"wp-block-woocommerce-cart alignwide is-loading\">\n<div data-block-name=\"woocommerce\/filled-cart-block\" class=\"wp-block-woocommerce-filled-cart-block\">\n<div data-block-name=\"woocommerce\/cart-items-block\" class=\"wp-block-woocommerce-cart-items-block\">\n<div data-block-name=\"woocommerce\/cart-line-items-block\" class=\"wp-block-woocommerce-cart-line-items-block\"><\/div>\n\n\n<\/div>\n\n\n\n\n<div data-block-name=\"woocommerce\/cart-totals-block\" class=\"wp-block-woocommerce-cart-totals-block\">\n<div data-block-name=\"woocommerce\/cart-order-summary-block\" class=\"wp-block-woocommerce-cart-order-summary-block\">\n<div data-block-name=\"woocommerce\/cart-order-summary-heading-block\" class=\"wp-block-woocommerce-cart-order-summary-heading-block\"><\/div><div data-block-name=\"woocommerce\/cart-order-summary-coupon-form-block\" class=\"wp-block-woocommerce-cart-order-summary-coupon-form-block\"><\/div><div data-block-name=\"woocommerce\/cart-order-summary-totals-block\" class=\"wp-block-woocommerce-cart-order-summary-totals-block\">\n<div data-block-name=\"woocommerce\/cart-order-summary-subtotal-block\" class=\"wp-block-woocommerce-cart-order-summary-subtotal-block\"><\/div>\n<div data-block-name=\"woocommerce\/cart-order-summary-discount-block\" class=\"wp-block-woocommerce-cart-order-summary-discount-block\"><\/div>\n<div data-block-name=\"woocommerce\/cart-order-summary-fee-block\" class=\"wp-block-woocommerce-cart-order-summary-fee-block\"><\/div>\n<div data-block-name=\"woocommerce\/cart-order-summary-shipping-block\" class=\"wp-block-woocommerce-cart-order-summary-shipping-block\"><\/div>\n<div data-block-name=\"woocommerce\/cart-order-summary-taxes-block\" class=\"wp-block-woocommerce-cart-order-summary-taxes-block\"><\/div><\/div>\n<\/div>\n\n\n\n<div data-block-name=\"woocommerce\/cart-express-payment-block\" class=\"wp-block-woocommerce-cart-express-payment-block\"><\/div>\n\n\n\n<div data-block-name=\"woocommerce\/proceed-to-checkout-block\" class=\"wp-block-woocommerce-proceed-to-checkout-block\"><\/div>\n<div id=\"ppcp-recaptcha-v2-container\" style=\"margin:20px 0;\"><\/div>\n\n\n<div data-block-name=\"woocommerce\/cart-accepted-payment-methods-block\" class=\"wp-block-woocommerce-cart-accepted-payment-methods-block\"><\/div>\n<\/div>\n<\/div>\n\n\n\n<div data-block-name=\"woocommerce\/empty-cart-block\" class=\"wp-block-woocommerce-empty-cart-block\">\n<h2 class=\"wp-block-heading has-text-align-center with-empty-cart-icon wc-block-cart__empty-cart__title\">J\u016bs\u0173 krep\u0161elis kol kas tu\u0161\u010dias.<\/h2>\n\n\n\n<hr class=\"wp-block-separator has-alpha-channel-opacity is-style-dots\"\/>\n\n\n\n<h2 class=\"wp-block-heading has-text-align-center\">Naujausi produktai<\/h2>\n\n\n<div data-block-name=\"woocommerce\/product-new\" data-columns=\"4\" data-rows=\"1\" class=\"wc-block-grid wp-block-product-new wp-block-woocommerce-product-new wc-block-product-new has-4-columns\"><ul class=\"wc-block-grid__products\"><li class=\"wc-block-grid__product\">\n\t\t\t\t<a href=\"https:\/\/dianetika.lt\/landing\/produktas\/nario-inasas-seminarui-ir-knyga-dianetika\/\" class=\"wc-block-grid__product-link\">\n\t\t\t\t\t\n\t\t\t\t\t<div class=\"wc-block-grid__product-image\"><img loading=\"lazy\" decoding=\"async\" width=\"450\" height=\"360\" src=\"https:\/\/dianetika.lt\/landing\/wp-content\/uploads\/2026\/03\/paskaita-graf1-450x360.jpg\" class=\"attachment-woocommerce_thumbnail size-woocommerce_thumbnail\" alt=\"Nario \u012fna\u0161as seminarui ir knyga Dianetika\" srcset=\"https:\/\/dianetika.lt\/landing\/wp-content\/uploads\/2026\/03\/paskaita-graf1-450x360.jpg 450w, https:\/\/dianetika.lt\/landing\/wp-content\/uploads\/2026\/03\/paskaita-graf1-300x240.jpg 300w, https:\/\/dianetika.lt\/landing\/wp-content\/uploads\/2026\/03\/paskaita-graf1-600x480.jpg 600w, https:\/\/dianetika.lt\/landing\/wp-content\/uploads\/2026\/03\/paskaita-graf1.jpg 750w\" sizes=\"auto, (max-width: 450px) 100vw, 450px\" style=\"width:100%;height:80%;max-width:750px;\" \/><\/div>\n\t\t\t\t\t<div class=\"wc-block-grid__product-title\">Nario \u012fna\u0161as seminarui ir knyga Dianetika<\/div>\n\t\t\t\t<\/a>\n\t\t\t\t<div class=\"wc-block-grid__product-price price\"><span class=\"woocommerce-Price-amount amount\">60,00&nbsp;<span class=\"woocommerce-Price-currencySymbol\">&euro;<\/span><\/span><\/div>\n\t\t\t\t\n\t\t\t\t<div class=\"wp-block-button wc-block-grid__product-add-to-cart\"><a href=\"\/landing\/wp-json\/wp\/v2\/pages\/9?add-to-cart=189\" aria-label=\"Add to cart: &ldquo;Nario \u012fna\u0161as seminarui ir knyga Dianetika&rdquo;\" data-quantity=\"1\" data-product_id=\"189\" data-product_sku=\"\" data-price=\"60\" rel=\"nofollow\" class=\"wp-block-button__link  add_to_cart_button ajax_add_to_cart\">\u012e krep\u0161el\u012f<\/a><\/div>\n\t\t\t<\/li><li class=\"wc-block-grid__product\">\n\t\t\t\t<a href=\"https:\/\/dianetika.lt\/landing\/produktas\/l-ron-hubbard-dianetika-siuolaikinis-mokslas-apie-prota\/\" class=\"wc-block-grid__product-link\">\n\t\t\t\t\t\n\t\t\t\t\t<div class=\"wc-block-grid__product-image\"><img loading=\"lazy\" decoding=\"async\" width=\"300\" height=\"265\" src=\"https:\/\/dianetika.lt\/landing\/wp-content\/uploads\/2025\/11\/dianetika-lt-300x265.jpg\" class=\"attachment-woocommerce_thumbnail size-woocommerce_thumbnail\" alt=\"L. Ron Hubbard \u201eDianetika. \u0160iuolaikinis mokslas apie prot\u0105\u201d\" srcset=\"https:\/\/dianetika.lt\/landing\/wp-content\/uploads\/2025\/11\/dianetika-lt-300x265.jpg 300w, https:\/\/dianetika.lt\/landing\/wp-content\/uploads\/2025\/11\/dianetika-lt-350x309.jpg 350w, https:\/\/dianetika.lt\/landing\/wp-content\/uploads\/2025\/11\/dianetika-lt.jpg 432w\" sizes=\"auto, (max-width: 300px) 100vw, 300px\" style=\"width:100%;height:88.19%;max-width:432px;\" \/><\/div>\n\t\t\t\t\t<div class=\"wc-block-grid__product-title\">L. Ron Hubbard \u201eDianetika. \u0160iuolaikinis mokslas apie prot\u0105\u201d<\/div>\n\t\t\t\t<\/a>\n\t\t\t\t<div class=\"wc-block-grid__product-price price\"><span class=\"woocommerce-Price-amount amount\">20,00&nbsp;<span class=\"woocommerce-Price-currencySymbol\">&euro;<\/span><\/span><\/div>\n\t\t\t\t\n\t\t\t\t<div class=\"wp-block-button wc-block-grid__product-add-to-cart\"><a href=\"\/landing\/wp-json\/wp\/v2\/pages\/9?add-to-cart=77\" aria-label=\"Add to cart: &ldquo;L. Ron Hubbard \u201eDianetika. \u0160iuolaikinis mokslas apie prot\u0105\u201d&rdquo;\" data-quantity=\"1\" data-product_id=\"77\" data-product_sku=\"\" data-price=\"20\" rel=\"nofollow\" class=\"wp-block-button__link  add_to_cart_button ajax_add_to_cart\">\u012e krep\u0161el\u012f<\/a><\/div>\n\t\t\t<\/li><\/ul><\/div><\/div>\n<\/div>\n","protected":false},"excerpt":{"rendered":"","protected":false},"author":1,"featured_media":0,"parent":0,"menu_order":0,"comment_status":"closed","ping_status":"closed","template":"","meta":{"footnotes":""},"class_list":["post-9","page","type-page","status-publish","hentry","entry"],"jetpack_sharing_enabled":true,"_links":{"self":[{"href":"https:\/\/dianetika.lt\/landing\/wp-json\/wp\/v2\/pages\/9","targetHints":{"allow":["GET"]}}],"collection":[{"href":"https:\/\/dianetika.lt\/landing\/wp-json\/wp\/v2\/pages"}],"about":[{"href":"https:\/\/dianetika.lt\/landing\/wp-json\/wp\/v2\/types\/page"}],"author":[{"embeddable":true,"href":"https:\/\/dianetika.lt\/landing\/wp-json\/wp\/v2\/users\/1"}],"replies":[{"embeddable":true,"href":"https:\/\/dianetika.lt\/landing\/wp-json\/wp\/v2\/comments?post=9"}],"version-history":[{"count":1,"href":"https:\/\/dianetika.lt\/landing\/wp-json\/wp\/v2\/pages\/9\/revisions"}],"predecessor-version":[{"id":63,"href":"https:\/\/dianetika.lt\/landing\/wp-json\/wp\/v2\/pages\/9\/revisions\/63"}],"wp:attachment":[{"href":"https:\/\/dianetika.lt\/landing\/wp-json\/wp\/v2\/media?parent=9"}],"curies":[{"name":"wp","href":"https:\/\/api.w.org\/{rel}","templated":true}]}}