{"id":189,"date":"2026-03-12T09:52:30","date_gmt":"2026-03-12T09:52:30","guid":{"rendered":"https:\/\/dianetika.lt\/landing\/?post_type=product&#038;p=189"},"modified":"2026-03-12T10:25:37","modified_gmt":"2026-03-12T10:25:37","slug":"nario-inasas-seminarui-ir-knyga-dianetika","status":"publish","type":"product","link":"https:\/\/dianetika.lt\/landing\/produktas\/nario-inasas-seminarui-ir-knyga-dianetika\/","title":{"rendered":"Nario \u012fna\u0161as seminarui ir knyga Dianetika"},"content":{"rendered":"","protected":false},"excerpt":{"rendered":"<p>Dviej\u0173 dien\u0173 Dianetikos seminaras ir knyga &#8222;Dianetika. \u0160iuolaikinis mokslas apie prot\u0105&#8221;<\/p>\n","protected":false},"featured_media":190,"comment_status":"open","ping_status":"closed","template":"","meta":[],"product_brand":[],"product_cat":[34],"product_tag":[],"class_list":{"0":"post-189","1":"product","2":"type-product","3":"status-publish","4":"has-post-thumbnail","6":"product_cat-nario-inasai","7":"entry","9":"first","10":"instock","11":"virtual","12":"purchasable","13":"product-type-simple"},"jetpack_sharing_enabled":true,"_links":{"self":[{"href":"https:\/\/dianetika.lt\/landing\/wp-json\/wp\/v2\/product\/189","targetHints":{"allow":["GET"]}}],"collection":[{"href":"https:\/\/dianetika.lt\/landing\/wp-json\/wp\/v2\/product"}],"about":[{"href":"https:\/\/dianetika.lt\/landing\/wp-json\/wp\/v2\/types\/product"}],"replies":[{"embeddable":true,"href":"https:\/\/dianetika.lt\/landing\/wp-json\/wp\/v2\/comments?post=189"}],"wp:featuredmedia":[{"embeddable":true,"href":"https:\/\/dianetika.lt\/landing\/wp-json\/wp\/v2\/media\/190"}],"wp:attachment":[{"href":"https:\/\/dianetika.lt\/landing\/wp-json\/wp\/v2\/media?parent=189"}],"wp:term":[{"taxonomy":"product_brand","embeddable":true,"href":"https:\/\/dianetika.lt\/landing\/wp-json\/wp\/v2\/product_brand?post=189"},{"taxonomy":"product_cat","embeddable":true,"href":"https:\/\/dianetika.lt\/landing\/wp-json\/wp\/v2\/product_cat?post=189"},{"taxonomy":"product_tag","embeddable":true,"href":"https:\/\/dianetika.lt\/landing\/wp-json\/wp\/v2\/product_tag?post=189"}],"curies":[{"name":"wp","href":"https:\/\/api.w.org\/{rel}","templated":true}]}}